{"id":14,"date":"2023-05-23T09:03:35","date_gmt":"2023-05-23T07:03:35","guid":{"rendered":"https:\/\/www.waldschwimmbad-wattenbach.de\/web\/?page_id=14"},"modified":"2026-04-03T12:19:25","modified_gmt":"2026-04-03T10:19:25","slug":"das-schwimmbad-mit-der-einzigartigen-atmosphaere","status":"publish","type":"page","link":"https:\/\/www.waldschwimmbad.eu\/","title":{"rendered":"Home"},"content":{"rendered":"\n<hr class=\"wp-block-separator has-alpha-channel-opacity is-style-wide\"\/>\n\n\n<div style='display:flex; gap:20px; justify-content:center; flex-wrap:wrap; padding:10px;'>  <div style='background:white;border-radius:15px;padding:20px;\r\n                box-shadow:0 4px 10px rgba(0,0,0,0.1);\r\n                text-align:center;width:100%;max-width:320px;\r\n                border-top:5px solid #95a5a6;'>      <h2>Status: WINTERPAUSE<\/h2>      <img src='https:\/\/www.waldschwimmbad.eu\/HangClosed.png' style='width:120px; margin:10px 0;'>      <div>Winterschlaf!<br>Wir sehen uns im Fr\u00fchjahr!<\/div>  <\/div>  <div style='background:white;border-radius:15px;padding:20px;\r\n                box-shadow:0 4px 10px rgba(0,0,0,0.1);\r\n                text-align:center;width:100%;max-width:320px;\r\n                border-top:5px solid #e67e22;'>      <h2>Aktuelle Lufttemperatur<\/h2>      <div style='font-size:28px;font-weight:bold;'>7.1 \u00b0C<\/div>  <\/div><\/div>\n\n\n\n\n\n\n\n<div class=\"wp-block-group has-theme-palette-7-background-color has-background has-medium-font-size\" style=\"padding-top:0;padding-right:0;padding-bottom:0;padding-left:0\"><div class=\"wp-block-group__inner-container is-layout-constrained wp-container-core-group-is-layout-82686151 wp-block-group-is-layout-constrained\">\n\n<\/div><\/div>\n\n\n\n\n\n<hr class=\"wp-block-separator has-alpha-channel-opacity is-style-wide\"\/>\n\n\n\n<h1 class=\"wp-block-heading\">Das Schwimmbad mit der einzigartigen Atmosph\u00e4re<\/h1>\n\n\n\n<div class=\"wp-block-media-text alignwide is-stacked-on-mobile is-vertically-aligned-center\" style=\"grid-template-columns:41% auto\"><figure class=\"wp-block-media-text__media\"><img loading=\"lazy\" decoding=\"async\" width=\"1024\" height=\"768\" src=\"https:\/\/www.waldschwimmbad-wattenbach.de\/web\/wp-content\/uploads\/2023\/05\/CIMG0024.jpg\" alt=\"\" class=\"wp-image-45 size-full\" srcset=\"https:\/\/www.waldschwimmbad.eu\/wp-content\/uploads\/2023\/05\/CIMG0024.jpg 1024w, https:\/\/www.waldschwimmbad.eu\/wp-content\/uploads\/2023\/05\/CIMG0024-300x225.jpg 300w, https:\/\/www.waldschwimmbad.eu\/wp-content\/uploads\/2023\/05\/CIMG0024-600x450.jpg 600w, https:\/\/www.waldschwimmbad.eu\/wp-content\/uploads\/2023\/05\/CIMG0024-768x576.jpg 768w\" sizes=\"auto, (max-width: 1024px) 100vw, 1024px\" \/><\/figure><div class=\"wp-block-media-text__content\">\n<p class=\"has-medium-font-size\">Das Waldschwimmbad ist eine kleine Idylle inmitten von sattem Gr\u00fcn, eingerahmt von Wald, Wiesen und Feldern. Auf gro\u00dfz\u00fcgigen Liegefl\u00e4chen findet Jedermann seinen Platz &#8211; sonnig, schattig, ganz nach Belieben. Der Kioskbetrieb bietet nicht nur das N\u00f6tige um bei Kr\u00e4ften zu bleiben, von hier aus hat man auch einen hervorragenden Blick \u00fcber das gesamte Schwimmbad.<\/p>\n<\/div><\/div>\n\n\n\n<hr class=\"wp-block-separator has-alpha-channel-opacity\"\/>\n\n\n\n<h2 class=\"wp-block-heading has-text-align-center\">Neuigkeiten<\/h2>\n\n\n\n<div class=\"wp-block-group\"><div class=\"wp-block-group__inner-container is-layout-constrained wp-block-group-is-layout-constrained\"><ul style=\"background-color:#f0f0f0;\" class=\"wp-block-latest-posts__list has-dates wp-block-latest-posts has-background\"><li><a class=\"wp-block-latest-posts__post-title\" href=\"https:\/\/www.waldschwimmbad.eu\/?p=691\">Wir suchen Verst\u00e4rkung<\/a><time datetime=\"2025-06-03T12:37:57+02:00\" class=\"wp-block-latest-posts__post-date\">3. Juni 2025<\/time><div class=\"wp-block-latest-posts__post-full-content\"><!-- wp:image {\"id\":null,\"sizeSlug\":\"large\"} -->\n<figure class=\"wp-block-image size-large\"><img \/><\/figure>\n<!-- \/wp:image -->\n\n<!-- wp:image {\"id\":688,\"sizeSlug\":\"large\"} -->\n<figure class=\"wp-block-image size-large\"><img loading=\"lazy\" decoding=\"async\" width=\"1024\" height=\"724\" src=\"https:\/\/www.waldschwimmbad-wattenbach.de\/wp-content\/uploads\/2025\/06\/flyer_rettungsschwimmer_qr-code-1-1024x724.png\" class=\"wp-image-688\" srcset=\"https:\/\/www.waldschwimmbad.eu\/wp-content\/uploads\/2025\/06\/flyer_rettungsschwimmer_qr-code-1-1024x724.png 1024w, https:\/\/www.waldschwimmbad.eu\/wp-content\/uploads\/2025\/06\/flyer_rettungsschwimmer_qr-code-1-600x424.png 600w, https:\/\/www.waldschwimmbad.eu\/wp-content\/uploads\/2025\/06\/flyer_rettungsschwimmer_qr-code-1-300x212.png 300w, https:\/\/www.waldschwimmbad.eu\/wp-content\/uploads\/2025\/06\/flyer_rettungsschwimmer_qr-code-1-768x543.png 768w, https:\/\/www.waldschwimmbad.eu\/wp-content\/uploads\/2025\/06\/flyer_rettungsschwimmer_qr-code-1-1536x1086.png 1536w, https:\/\/www.waldschwimmbad.eu\/wp-content\/uploads\/2025\/06\/flyer_rettungsschwimmer_qr-code-1.png 1683w\" sizes=\"auto, (max-width: 1024px) 100vw, 1024px\" \/><\/figure>\n<!-- \/wp:image --><\/div><\/li>\n<\/ul><\/div><\/div>\n","protected":false},"excerpt":{"rendered":"<p>Das Schwimmbad mit der einzigartigen Atmosph\u00e4re Das Waldschwimmbad ist eine kleine Idylle inmitten von sattem Gr\u00fcn, eingerahmt von Wald, Wiesen und Feldern. Auf gro\u00dfz\u00fcgigen Liegefl\u00e4chen findet Jedermann seinen Platz &#8211; sonnig, schattig, ganz nach Belieben. Der Kioskbetrieb bietet nicht nur das N\u00f6tige um bei Kr\u00e4ften zu bleiben, von hier aus hat man auch einen hervorragenden&#8230;<\/p>\n","protected":false},"author":1,"featured_media":15,"parent":0,"menu_order":0,"comment_status":"closed","ping_status":"closed","template":"","meta":{"_kad_post_transparent":"","_kad_post_title":"default","_kad_post_layout":"","_kad_post_sidebar_id":"","_kad_post_content_style":"","_kad_post_vertical_padding":"","_kad_post_feature":"","_kad_post_feature_position":"","_kad_post_header":false,"_kad_post_footer":false,"_kad_post_classname":"","footnotes":""},"class_list":["post-14","page","type-page","status-publish","has-post-thumbnail","hentry"],"jetpack_sharing_enabled":true,"_links":{"self":[{"href":"https:\/\/www.waldschwimmbad.eu\/index.php?rest_route=\/wp\/v2\/pages\/14","targetHints":{"allow":["GET"]}}],"collection":[{"href":"https:\/\/www.waldschwimmbad.eu\/index.php?rest_route=\/wp\/v2\/pages"}],"about":[{"href":"https:\/\/www.waldschwimmbad.eu\/index.php?rest_route=\/wp\/v2\/types\/page"}],"author":[{"embeddable":true,"href":"https:\/\/www.waldschwimmbad.eu\/index.php?rest_route=\/wp\/v2\/users\/1"}],"replies":[{"embeddable":true,"href":"https:\/\/www.waldschwimmbad.eu\/index.php?rest_route=%2Fwp%2Fv2%2Fcomments&post=14"}],"version-history":[{"count":44,"href":"https:\/\/www.waldschwimmbad.eu\/index.php?rest_route=\/wp\/v2\/pages\/14\/revisions"}],"predecessor-version":[{"id":944,"href":"https:\/\/www.waldschwimmbad.eu\/index.php?rest_route=\/wp\/v2\/pages\/14\/revisions\/944"}],"wp:featuredmedia":[{"embeddable":true,"href":"https:\/\/www.waldschwimmbad.eu\/index.php?rest_route=\/wp\/v2\/media\/15"}],"wp:attachment":[{"href":"https:\/\/www.waldschwimmbad.eu\/index.php?rest_route=%2Fwp%2Fv2%2Fmedia&parent=14"}],"curies":[{"name":"wp","href":"https:\/\/api.w.org\/{rel}","templated":true}]}}