{"id":55,"date":"2023-05-23T16:58:54","date_gmt":"2023-05-23T14:58:54","guid":{"rendered":"https:\/\/www.waldschwimmbad-wattenbach.de\/web\/?page_id=55"},"modified":"2023-05-29T14:59:25","modified_gmt":"2023-05-29T12:59:25","slug":"der-foerderverein-wir-halten-das-bad-am-leben","status":"publish","type":"page","link":"https:\/\/www.waldschwimmbad.eu\/?page_id=55","title":{"rendered":"F\u00f6rderverein"},"content":{"rendered":"\n<h1 class=\"wp-block-heading\">Der F\u00f6rderverein -WIR HALTEN DAS BAD AM LEBEN-<\/h1>\n\n\n\n<div class=\"wp-block-media-text alignwide is-stacked-on-mobile\"><figure class=\"wp-block-media-text__media\"><img loading=\"lazy\" decoding=\"async\" width=\"1024\" height=\"768\" src=\"https:\/\/www.waldschwimmbad-wattenbach.de\/web\/wp-content\/uploads\/2023\/05\/CIMG0024.jpg\" alt=\"\" class=\"wp-image-45 size-full\" srcset=\"https:\/\/www.waldschwimmbad.eu\/wp-content\/uploads\/2023\/05\/CIMG0024.jpg 1024w, https:\/\/www.waldschwimmbad.eu\/wp-content\/uploads\/2023\/05\/CIMG0024-300x225.jpg 300w, https:\/\/www.waldschwimmbad.eu\/wp-content\/uploads\/2023\/05\/CIMG0024-600x450.jpg 600w, https:\/\/www.waldschwimmbad.eu\/wp-content\/uploads\/2023\/05\/CIMG0024-768x576.jpg 768w\" sizes=\"auto, (max-width: 1024px) 100vw, 1024px\" \/><\/figure><div class=\"wp-block-media-text__content\">\n<p>Der Verein betreibt das Bad seit 2014 in Eigenregie.<br>Das Waldschwimmbad wurde in den 1960-iger Jahren erbaut. Es liegt am oberen Ende des Steinbachtals in S\u00f6hrewald-Wattenbach. Hier finden Sie eine kleine Idylle mitten im Gr\u00fcnen, eingerahmt von Wald, Wiesen und Feldern. Wurde das erste in Betrieb genommene Becken noch vom Steinbach durchflossen und von diesem gespeist, handelt es sich heute um ein 33- Meter-Becken mit moderner Wasseraufbereitungstechnik und einer auf W\u00e4rmepumpen basierenden Heizung. Somit sind stets eine hohe Qualit\u00e4t sowie \u00fcberdurchschnittliche Temperaturen des Badewassers gew\u00e4hrleistet. Neben dem Sportbecken, welches \u00fcber einen Nichtschwimmerbereich verf\u00fcgt, bietet das Bad mit einem Babybecken auch den Kleinsten ihren Spa\u00df im wohltuenden Nass. Auf der gro\u00dfz\u00fcgigen Liegewiese findet jede\/r seinen Platz &#8211; sonnig, schattig, ganz nach Belieben. Der Spielplatz liegt oberhalb des Babybeckens und so kommen alle zu ihrem Recht \u2013 die Familien, die ihre Kinder stets im Blick haben k\u00f6nnen und die Ruhebed\u00fcrftigen, die auf der anderen Seite des Beckens ausreichend Liegefl\u00e4chen finden. Der Kioskbetrieb mit seinen \u00fcberdachten Sitzpl\u00e4tzen bietet nicht nur das N\u00f6tige um bei Kr\u00e4ften zu bleiben, von hier aus hat man auch einen hervorragenden Blick \u00fcber die gesamte Anlage. Nicht nur die S\u00f6hrewalder finden hier ihr kleines Naherholungsparadies, auch f\u00fcr die Nachbargemeinden, die kein eigenes Schwimmbad (mehr) haben, wie z. B. Helsa und Kaufungen sind es nur wenige Autominuten bis Wattenbach. Da es gute Parkm\u00f6glichkeiten, attraktive Preise und ein entspanntes Klima auch au\u00dferhalb des Wassers bietet, ist das Waldschwimmbad Wattenbach au\u00dferdem \u201edie&#8220; Alternative zu den B\u00e4dern in Kassel oder Lohfelden<\/p>\n\n\n\n<p><span class=\"xr_tl Normal_text\" style=\"top: -13px;font-size:14px;\"><\/span><\/p>\n<\/div><\/div>\n","protected":false},"excerpt":{"rendered":"<p>Der F\u00f6rderverein -WIR HALTEN DAS BAD AM LEBEN- Der Verein betreibt das Bad seit 2014 in Eigenregie.Das Waldschwimmbad wurde in den 1960-iger Jahren erbaut. Es liegt am oberen Ende des Steinbachtals in S\u00f6hrewald-Wattenbach. Hier finden Sie eine kleine Idylle mitten im Gr\u00fcnen, eingerahmt von Wald, Wiesen und Feldern. Wurde das erste in Betrieb genommene Becken&#8230;<\/p>\n","protected":false},"author":1,"featured_media":0,"parent":0,"menu_order":0,"comment_status":"closed","ping_status":"closed","template":"","meta":{"_kad_post_transparent":"","_kad_post_title":"","_kad_post_layout":"","_kad_post_sidebar_id":"","_kad_post_content_style":"","_kad_post_vertical_padding":"","_kad_post_feature":"","_kad_post_feature_position":"","_kad_post_header":false,"_kad_post_footer":false,"_kad_post_classname":"","footnotes":""},"class_list":["post-55","page","type-page","status-publish","hentry"],"jetpack_sharing_enabled":true,"_links":{"self":[{"href":"https:\/\/www.waldschwimmbad.eu\/index.php?rest_route=\/wp\/v2\/pages\/55","targetHints":{"allow":["GET"]}}],"collection":[{"href":"https:\/\/www.waldschwimmbad.eu\/index.php?rest_route=\/wp\/v2\/pages"}],"about":[{"href":"https:\/\/www.waldschwimmbad.eu\/index.php?rest_route=\/wp\/v2\/types\/page"}],"author":[{"embeddable":true,"href":"https:\/\/www.waldschwimmbad.eu\/index.php?rest_route=\/wp\/v2\/users\/1"}],"replies":[{"embeddable":true,"href":"https:\/\/www.waldschwimmbad.eu\/index.php?rest_route=%2Fwp%2Fv2%2Fcomments&post=55"}],"version-history":[{"count":3,"href":"https:\/\/www.waldschwimmbad.eu\/index.php?rest_route=\/wp\/v2\/pages\/55\/revisions"}],"predecessor-version":[{"id":60,"href":"https:\/\/www.waldschwimmbad.eu\/index.php?rest_route=\/wp\/v2\/pages\/55\/revisions\/60"}],"wp:attachment":[{"href":"https:\/\/www.waldschwimmbad.eu\/index.php?rest_route=%2Fwp%2Fv2%2Fmedia&parent=55"}],"curies":[{"name":"wp","href":"https:\/\/api.w.org\/{rel}","templated":true}]}}